{"id":530,"date":"2024-07-03T08:50:32","date_gmt":"2024-07-03T06:50:32","guid":{"rendered":"https:\/\/www.val74.fr\/?page_id=530"},"modified":"2025-09-08T13:30:09","modified_gmt":"2025-09-08T11:30:09","slug":"evenements","status":"publish","type":"page","link":"https:\/\/www.val74.fr\/index.php\/evenements\/","title":{"rendered":"Ev\u00e9nements"},"content":{"rendered":"\n<div class=\"wp-block-columns is-layout-flex wp-container-core-columns-is-layout-9d6595d7 wp-block-columns-is-layout-flex\">\n<div class=\"wp-block-column is-layout-flow wp-block-column-is-layout-flow\"><\/div>\n\n\n\n<div class=\"wp-block-column is-layout-flow wp-block-column-is-layout-flow\">\n<hr class=\"wp-block-separator has-alpha-channel-opacity\"\/>\n\n\n\n<ul class=\"wp-block-list\">\n<li><strong>Ev\u00e9nement : <\/strong>Assembl\u00e9e g\u00e9n\u00e9rale<\/li>\n\n\n\n<li><strong>Date\u00a0:<\/strong> 11\/09\/2025 20:00 &#8211; 11\/09\/2025 22:00<\/li>\n\n\n\n<li><strong>Emplacement<\/strong> : Salle communale, 74150 VAULX, France<\/li>\n\n\n\n<li><strong>Plus d&rsquo;Informations :<\/strong> Salle communale<\/li>\n<\/ul>\n\n\n\n<hr class=\"wp-block-separator has-alpha-channel-opacity\"\/>\n<\/div>\n<\/div>\n\n\n\n<h4 class=\"wp-block-heading\">Description<\/h4>\n\n\n\n<p>\ud83d\udcc6 Date : Jeudi 11 septembre 2025<br>\u23f0 Heure : 20h00<br>\ud83d\udccd Lieu : Salle communale, 74150 VAULX, France (<a href=\"https:\/\/maps.app.goo.gl\/EuJYXe6iMsCvcrti8\" data-type=\"link\" data-id=\"https:\/\/maps.app.goo.gl\/EuJYXe6iMsCvcrti8\" target=\"_blank\" rel=\"noreferrer noopener\">carte<\/a>)<br><br>Nous avons le plaisir de vous convier \u00e0 notre Assembl\u00e9e G\u00e9n\u00e9rale annuelle.\u00a0<\/p>\n\n\n\n<p>Cette r\u00e9union rev\u00eat une importance particuli\u00e8re, car elle constitue un moment privil\u00e9gi\u00e9 pour faire le bilan de l&rsquo;ann\u00e9e \u00e9coul\u00e9e, discuter des r\u00e9alisations, et d\u00e9finir les orientations futures de notre association.<br><\/p>\n\n\n\n<p><strong><u>Ordre du jour :<\/u><\/strong><\/p>\n\n\n\n<p>&#8211; Ouverture de l&rsquo;Assembl\u00e9e G\u00e9n\u00e9rale<br>&#8211; Pr\u00e9sentation du rapport moral du Pr\u00e9sident<br>&#8211; Pr\u00e9sentation du rapport financier du Tr\u00e9sorier<br>&#8211; Vote sur les comptes annuels<br>&#8211; Renouvellement des membres du conseil d&rsquo;administration<br>&#8211; Projets et perspectives pour l&rsquo;ann\u00e9e \u00e0 venir<br>&#8211; Questions diverses<br>&#8211; Cl\u00f4ture de l&rsquo;Assembl\u00e9e G\u00e9n\u00e9rale autour d&rsquo;un pot convivial<\/p>\n\n\n\n<p><strong>Inscription aux activit\u00e9s de l&rsquo;ann\u00e9e<\/strong><\/p>\n\n\n\n<p>En esp\u00e9rant vous voir nombreux !<\/p>\n\n\n\n<hr class=\"wp-block-separator has-alpha-channel-opacity\"\/>\n\n\n\n<div class=\"wp-block-columns is-layout-flex wp-container-core-columns-is-layout-9d6595d7 wp-block-columns-is-layout-flex\">\n<div class=\"wp-block-column is-layout-flow wp-block-column-is-layout-flow\"><div class=\"wp-block-image\">\n<figure class=\"aligncenter size-full\"><img loading=\"lazy\" decoding=\"async\" width=\"1366\" height=\"768\" src=\"http:\/\/www.val74.fr\/wp-content\/uploads\/2024\/10\/Web-Bourse-aux-skis-VAL-Site-Web.png\" alt=\"Bourse aux skis, \u00e9quipements et v\u00eatements.\" class=\"wp-image-715\" srcset=\"https:\/\/www.val74.fr\/wp-content\/uploads\/2024\/10\/Web-Bourse-aux-skis-VAL-Site-Web.png 1366w, https:\/\/www.val74.fr\/wp-content\/uploads\/2024\/10\/Web-Bourse-aux-skis-VAL-Site-Web-300x169.png 300w, https:\/\/www.val74.fr\/wp-content\/uploads\/2024\/10\/Web-Bourse-aux-skis-VAL-Site-Web-1024x576.png 1024w, https:\/\/www.val74.fr\/wp-content\/uploads\/2024\/10\/Web-Bourse-aux-skis-VAL-Site-Web-768x432.png 768w\" sizes=\"auto, (max-width: 1366px) 100vw, 1366px\" \/><\/figure>\n<\/div><\/div>\n\n\n\n<div class=\"wp-block-column is-layout-flow wp-block-column-is-layout-flow\">\n<hr class=\"wp-block-separator has-alpha-channel-opacity\"\/>\n\n\n\n<ul class=\"wp-block-list\">\n<li><strong>Ev\u00e9nement : <\/strong>Bourse aux skis<\/li>\n\n\n\n<li><strong>Date&nbsp;:<\/strong> 20\/10\/2024 &#8211; De 9h \u00e0 13h<\/li>\n\n\n\n<li><strong>Emplacement<\/strong> : Place de la grenette , 74150 VAULX, France<\/li>\n\n\n\n<li><strong>Plus d&rsquo;Informations :<\/strong> Place de la grenette<\/li>\n<\/ul>\n\n\n\n<hr class=\"wp-block-separator has-alpha-channel-opacity\"\/>\n<\/div>\n<\/div>\n\n\n\n<h4 class=\"wp-block-heading\">Description<\/h4>\n\n\n\n<p>VAL organise sa premi\u00e8re bourse aux skis ! <\/p>\n\n\n\n<p>\ud83d\udcc6 Date : Dimanche 20 octobre 2024<br>\u23f0 Heure : De 9h \u00e0 13h<br>\ud83d\udccd Lieu : Place de la grenette, 74150 VAULX, France (<a href=\"https:\/\/maps.app.goo.gl\/QeTGcZSXrcXgb86t7\" data-type=\"link\" data-id=\"https:\/\/maps.app.goo.gl\/4hjqJ9NJdU1XjBpK8\" target=\"_blank\" rel=\"noreferrer noopener\">carte<\/a>)<br><br>Plus d&rsquo;informations et inscriptions juste <a href=\"https:\/\/www.val74.fr\/index.php\/event\/bourse-aux-skis-premiere-edition\/\">ici<\/a><\/p>\n\n\n\n<hr class=\"wp-block-separator has-alpha-channel-opacity\"\/>\n\n\n\n<div class=\"wp-block-columns is-layout-flex wp-container-core-columns-is-layout-9d6595d7 wp-block-columns-is-layout-flex\">\n<div class=\"wp-block-column is-layout-flow wp-block-column-is-layout-flow\"><div class=\"wp-block-image\">\n<figure class=\"aligncenter size-full is-resized\"><img loading=\"lazy\" decoding=\"async\" width=\"671\" height=\"471\" src=\"https:\/\/www.val74.fr\/wp-content\/uploads\/2024\/08\/AG.png\" alt=\"\" class=\"wp-image-664\" style=\"width:407px;height:auto\" srcset=\"https:\/\/www.val74.fr\/wp-content\/uploads\/2024\/08\/AG.png 671w, https:\/\/www.val74.fr\/wp-content\/uploads\/2024\/08\/AG-300x211.png 300w\" sizes=\"auto, (max-width: 671px) 100vw, 671px\" \/><\/figure>\n<\/div><\/div>\n\n\n\n<div class=\"wp-block-column is-layout-flow wp-block-column-is-layout-flow\">\n<hr class=\"wp-block-separator has-alpha-channel-opacity\"\/>\n\n\n\n<ul class=\"wp-block-list\">\n<li><strong>Ev\u00e9nement : <\/strong>Assembl\u00e9e g\u00e9n\u00e9rale<\/li>\n\n\n\n<li><strong>Date&nbsp;:<\/strong> 05\/09\/2024 19:00 &#8211; 05\/09\/2024 22:00<\/li>\n\n\n\n<li><strong>Emplacement<\/strong> : Salle communale, 74150 VAULX, France<\/li>\n\n\n\n<li><strong>Plus d&rsquo;Informations :<\/strong> Salle communale<\/li>\n<\/ul>\n\n\n\n<hr class=\"wp-block-separator has-alpha-channel-opacity\"\/>\n<\/div>\n<\/div>\n\n\n\n<h4 class=\"wp-block-heading\">Description<\/h4>\n\n\n\n<p>\ud83d\udcc6 Date : Jeudi 05 septembre 2024<br>\u23f0 Heure : 19h00<br>\ud83d\udccd Lieu : Salle communale, 74150 VAULX, France (<a href=\"https:\/\/maps.app.goo.gl\/EuJYXe6iMsCvcrti8\" data-type=\"link\" data-id=\"https:\/\/maps.app.goo.gl\/EuJYXe6iMsCvcrti8\" target=\"_blank\" rel=\"noreferrer noopener\">carte<\/a>)<br><br>Nous avons le plaisir de vous convier \u00e0 notre Assembl\u00e9e G\u00e9n\u00e9rale annuelle.&nbsp;<\/p>\n\n\n\n<p>Cette r\u00e9union rev\u00eat une importance particuli\u00e8re, car elle constitue un moment privil\u00e9gi\u00e9 pour faire le bilan de l&rsquo;ann\u00e9e \u00e9coul\u00e9e, discuter des r\u00e9alisations, et d\u00e9finir les orientations futures de notre association.<br><\/p>\n\n\n\n<p><strong><u>Ordre du jour :<\/u><\/strong><\/p>\n\n\n\n<p>&#8211; Ouverture de l&rsquo;Assembl\u00e9e G\u00e9n\u00e9rale<br>&#8211; Pr\u00e9sentation du rapport moral du Pr\u00e9sident<br>&#8211; Pr\u00e9sentation du rapport financier du Tr\u00e9sorier<br>&#8211; Vote sur les comptes annuels<br>&#8211; Renouvellement des membres du conseil d&rsquo;administration<br>&#8211; Projets et perspectives pour l&rsquo;ann\u00e9e \u00e0 venir<br>&#8211; Questions diverses<br>&#8211; Cl\u00f4ture de l&rsquo;Assembl\u00e9e G\u00e9n\u00e9rale autour d&rsquo;un pot convivial<\/p>\n\n\n\n<p><strong>Inscription aux activit\u00e9s de l&rsquo;ann\u00e9e<\/strong><\/p>\n\n\n\n<p>En esp\u00e9rant vous voir nombreux !<\/p>\n\n\n\n<hr class=\"wp-block-separator has-alpha-channel-opacity\"\/>\n","protected":false},"excerpt":{"rendered":"<p>Description \ud83d\udcc6 Date : Jeudi 11 septembre 2025\u23f0 Heure : 20h00\ud83d\udccd Lieu : Salle communale, 74150 VAULX, France (carte) Nous avons le plaisir de vous convier \u00e0 notre Assembl\u00e9e G\u00e9n\u00e9rale&hellip;&nbsp;<a href=\"https:\/\/www.val74.fr\/index.php\/evenements\/\" class=\"\" rel=\"bookmark\">Lire la suite &raquo;<span class=\"screen-reader-text\">Ev\u00e9nements<\/span><\/a><\/p>\n","protected":false},"author":1,"featured_media":715,"parent":0,"menu_order":0,"comment_status":"closed","ping_status":"closed","template":"","meta":{"neve_meta_sidebar":"","neve_meta_container":"","neve_meta_enable_content_width":"","neve_meta_content_width":0,"neve_meta_title_alignment":"","neve_meta_author_avatar":"","neve_post_elements_order":"","neve_meta_disable_header":"","neve_meta_disable_footer":"","neve_meta_disable_title":"","_themeisle_gutenberg_block_has_review":false,"_ti_tpc_template_sync":false,"_ti_tpc_template_id":"","footnotes":""},"class_list":["post-530","page","type-page","status-publish","has-post-thumbnail","hentry"],"_links":{"self":[{"href":"https:\/\/www.val74.fr\/index.php\/wp-json\/wp\/v2\/pages\/530","targetHints":{"allow":["GET"]}}],"collection":[{"href":"https:\/\/www.val74.fr\/index.php\/wp-json\/wp\/v2\/pages"}],"about":[{"href":"https:\/\/www.val74.fr\/index.php\/wp-json\/wp\/v2\/types\/page"}],"author":[{"embeddable":true,"href":"https:\/\/www.val74.fr\/index.php\/wp-json\/wp\/v2\/users\/1"}],"replies":[{"embeddable":true,"href":"https:\/\/www.val74.fr\/index.php\/wp-json\/wp\/v2\/comments?post=530"}],"version-history":[{"count":17,"href":"https:\/\/www.val74.fr\/index.php\/wp-json\/wp\/v2\/pages\/530\/revisions"}],"predecessor-version":[{"id":737,"href":"https:\/\/www.val74.fr\/index.php\/wp-json\/wp\/v2\/pages\/530\/revisions\/737"}],"wp:featuredmedia":[{"embeddable":true,"href":"https:\/\/www.val74.fr\/index.php\/wp-json\/wp\/v2\/media\/715"}],"wp:attachment":[{"href":"https:\/\/www.val74.fr\/index.php\/wp-json\/wp\/v2\/media?parent=530"}],"curies":[{"name":"wp","href":"https:\/\/api.w.org\/{rel}","templated":true}]}}