{"id":394,"date":"2024-06-27T08:37:45","date_gmt":"2024-06-27T06:37:45","guid":{"rendered":"https:\/\/www.val74.fr\/?page_id=394"},"modified":"2025-09-29T16:04:51","modified_gmt":"2025-09-29T14:04:51","slug":"ski-enfants","status":"publish","type":"page","link":"https:\/\/www.val74.fr\/index.php\/activites-a-lannee\/ski-enfants\/","title":{"rendered":"Ski Enfants"},"content":{"rendered":"\n<div id=\"wp-block-themeisle-blocks-slider-f7f770c6\" class=\"wp-block-themeisle-blocks-slider glide\" data-per-view=\"1\" data-gap=\"0\" data-peek=\"0\" data-autoplay=\"true\" data-height=\"400px\" data-hide-arrows=\"false\"><div class=\"glide__track\" data-glide-el=\"track\"><div class=\"glide__slides\"><div class=\"wp-block-themeisle-blocks-slider-item-wrapper glide__slide\" tabindex=\"0\"><figure><img decoding=\"async\" class=\"wp-block-themeisle-blocks-slider-item\" src=\"http:\/\/www.val74.fr\/wp-content\/uploads\/2024\/07\/pexels-octavian-10957169.jpg\" alt=\"\" title=\"\" data-id=\"576\"\/><\/figure><\/div><div class=\"wp-block-themeisle-blocks-slider-item-wrapper glide__slide\" tabindex=\"0\"><figure><img decoding=\"async\" class=\"wp-block-themeisle-blocks-slider-item\" src=\"http:\/\/www.val74.fr\/wp-content\/uploads\/2024\/07\/pexels-irina-a-balashova-8627419-scaled.jpg\" alt=\"\" title=\"\" data-id=\"575\"\/><\/figure><\/div><div class=\"wp-block-themeisle-blocks-slider-item-wrapper glide__slide\" tabindex=\"0\"><figure><img decoding=\"async\" class=\"wp-block-themeisle-blocks-slider-item\" src=\"http:\/\/www.val74.fr\/wp-content\/uploads\/2024\/07\/pexels-fmaderebner-745974.jpg\" alt=\"\" title=\"\" data-id=\"573\"\/><\/figure><\/div><div class=\"wp-block-themeisle-blocks-slider-item-wrapper glide__slide\" tabindex=\"0\"><figure><img decoding=\"async\" class=\"wp-block-themeisle-blocks-slider-item\" src=\"http:\/\/www.val74.fr\/wp-content\/uploads\/2024\/07\/pexels-suju-3151907-scaled.jpg\" alt=\"\" title=\"\" data-id=\"572\"\/><\/figure><\/div><div class=\"wp-block-themeisle-blocks-slider-item-wrapper glide__slide\" tabindex=\"0\"><figure><img decoding=\"async\" class=\"wp-block-themeisle-blocks-slider-item\" src=\"http:\/\/www.val74.fr\/wp-content\/uploads\/2024\/07\/pexels-federico-tomasoni-216201504-11855116-scaled.jpg\" alt=\"\" title=\"\" data-id=\"570\"\/><\/figure><\/div><div class=\"wp-block-themeisle-blocks-slider-item-wrapper glide__slide\" tabindex=\"0\"><figure><img decoding=\"async\" class=\"wp-block-themeisle-blocks-slider-item\" src=\"http:\/\/www.val74.fr\/wp-content\/uploads\/2024\/07\/pexels-wdnet-95764-scaled.jpg\" alt=\"\" title=\"\" data-id=\"571\"\/><\/figure><\/div><div class=\"wp-block-themeisle-blocks-slider-item-wrapper glide__slide\" tabindex=\"0\"><figure><img decoding=\"async\" class=\"wp-block-themeisle-blocks-slider-item\" src=\"http:\/\/www.val74.fr\/wp-content\/uploads\/2024\/07\/ski.jpg\" alt=\"\" title=\"\" data-id=\"440\"\/><\/figure><\/div><div class=\"wp-block-themeisle-blocks-slider-item-wrapper glide__slide\" tabindex=\"0\"><figure><img decoding=\"async\" class=\"wp-block-themeisle-blocks-slider-item\" src=\"http:\/\/www.val74.fr\/wp-content\/uploads\/2024\/07\/ski2.jpg\" alt=\"\" title=\"\" data-id=\"441\"\/><\/figure><\/div><div class=\"wp-block-themeisle-blocks-slider-item-wrapper glide__slide\" tabindex=\"0\"><figure><img decoding=\"async\" class=\"wp-block-themeisle-blocks-slider-item\" src=\"http:\/\/www.val74.fr\/wp-content\/uploads\/2024\/07\/pexels-irina-a-balashova-8627423.jpg\" alt=\"\" title=\"\" data-id=\"580\"\/><\/figure><\/div><\/div><div class=\"glide__bullets\" data-glide-el=\"controls[nav]\"><button class=\"glide__bullet\" data-glide-dir=\"=0\"><\/button><button class=\"glide__bullet\" data-glide-dir=\"=1\"><\/button><button class=\"glide__bullet\" data-glide-dir=\"=2\"><\/button><button class=\"glide__bullet\" data-glide-dir=\"=3\"><\/button><button class=\"glide__bullet\" data-glide-dir=\"=4\"><\/button><button class=\"glide__bullet\" data-glide-dir=\"=5\"><\/button><button class=\"glide__bullet\" data-glide-dir=\"=6\"><\/button><button class=\"glide__bullet\" data-glide-dir=\"=7\"><\/button><button class=\"glide__bullet\" data-glide-dir=\"=8\"><\/button><\/div><\/div><\/div>\n\n\n\n<p><\/p>\n\n\n\n<p><\/p>\n\n\n\n<ul class=\"wp-block-list\">\n<li>Les places sont limit\u00e9es par niveau<\/li>\n\n\n\n<li>Le prix de la sortie sera d\u00fb pour toute absence m\u00e9dicalement non justifi\u00e9e<\/li>\n<\/ul>\n\n\n\n<p>Pour voir l&rsquo;enneigement,&nbsp;<a href=\"http:\/\/www.laclusaz.com\/hiver\/webcams.html\">c&rsquo;est&nbsp;<u>par ici<\/u><\/a>&nbsp;et le plan des pistes,&nbsp;<a href=\"http:\/\/live.skiplan.com\/moduleweb\/2.0\/laclusaz_hiver.php#\">c&rsquo;est<\/a><a href=\"http:\/\/live.skiplan.com\/moduleweb\/2.0\/laclusaz_hiver.php#\">&nbsp;<\/a><a href=\"http:\/\/live.skiplan.com\/moduleweb\/2.0\/laclusaz_hiver.php#\">par l\u00e0<\/a>&nbsp;(cliquez sur \u00ab\u00a0Ouvertures\u00a0\u00bb pour voir les pistes ouvertes)<\/p>\n\n\n\n<h2 class=\"wp-block-heading\">Cours de ski<\/h2>\n\n\n\n<p>Ils sont r\u00e9serv\u00e9s aux\u00a0enfants de 6 ans\u00a0<strong>r\u00e9volus<\/strong>\u00a0\u00e0 12 ans\u00a0(170\u20ac\u00a0pour les 5 sorties (forfait + cours + car)).<\/p>\n\n\n\n<p>Le d\u00e9roulement sera le suivant&nbsp;(Attention,&nbsp;les enfants doivent avoir mang\u00e9 avant de partir !)&nbsp;:<\/p>\n\n\n\n<ul class=\"wp-block-list\">\n<li>7h30 : rendez-vous sur le parking de l\u2019\u00e9cole de Vaulx<\/li>\n\n\n\n<li>8h&nbsp;: d\u00e9part imp\u00e9ratif du car<\/li>\n\n\n\n<li>9h30&nbsp;: arriv\u00e9e \u00e0 La Clusaz<\/li>\n\n\n\n<li>10h30-12h30 : 2h de cours par un moniteur ESF<\/li>\n\n\n\n<li>12h30-13h : pique-nique&nbsp;pris tous ensemble<\/li>\n\n\n\n<li>13h-14h30 : ski encadr\u00e9 par les parents accompagnateurs<\/li>\n\n\n\n<li>14h30 : retour au car<\/li>\n\n\n\n<li>15h : d\u00e9part imp\u00e9ratif du car<\/li>\n\n\n\n<li>16h15&nbsp;: retour au parking de l\u2019\u00e9cole de Vaulx<\/li>\n<\/ul>\n\n\n\n<h2 class=\"wp-block-heading\">Accompagnement<\/h2>\n\n\n\n<p>En d\u00e9but d&rsquo;apr\u00e8s-midi (13h-14h30), les enfants qui prennent des cours font du ski par groupe de niveau sous la surveillance de&nbsp;parents accompagnateurs b\u00e9n\u00e9voles.<\/p>\n\n\n\n<p>Une contribution est demand\u00e9e par accompagnateur par sortie.<\/p>\n\n\n\n<h2 class=\"wp-block-heading\">Infos<\/h2>\n\n\n\n<p>A pr\u00e9voir par les parents :<\/p>\n\n\n\n<ul class=\"wp-block-list\">\n<li>Le pique-nique \u00e0 mettre dans un sac \u00e0 dos qui sera d\u00e9pos\u00e9 dans une petite salle en d\u00e9but de journ\u00e9e, r\u00e9cup\u00e9r\u00e9 pour le d\u00e9jeuner puis \u00e0 nouveau stock\u00e9 dans la petite salle jusqu\u2019au d\u00e9part (l&rsquo;enfant ne skie pas avec son sac dans le dos)<\/li>\n\n\n\n<li>Le carnet d&rsquo;\u00e9valuation de l&rsquo;enfant avec dernier niveau tamponn\u00e9 (sauf pour les d\u00e9butants)<\/li>\n\n\n\n<li>Equipement et mat\u00e9riel (port du casque obligatoire) complets (moufles ou gants chauds, manteau de ski, pantalon de ski et chaufferettes)&nbsp;\u00e0 la taille de l&rsquo;enfant et marqu\u00e9s \u00e0 son nom (sac \u00e0 dos compris)<\/li>\n<\/ul>\n\n\n\n<p>Note :&nbsp;les b\u00e2tons sont obligatoires \u00e0 partir de la premi\u00e8re \u00e9toile et \u00e0 pr\u00e9voir pour les derni\u00e8res s\u00e9ances pour les oursons\/flocons<\/p>\n\n\n\n<p>Attention :<\/p>\n\n\n\n<ul class=\"wp-block-list\">\n<li>L&rsquo;enfant doit avoir mang\u00e9 avant de partir (pas de petit d\u00e9jeuner dans le car)\n<ul class=\"wp-block-list\">\n<li>Pas de chaussures de ski aux pieds dans le car, elles sont stock\u00e9es dans la soute le temps du trajet (pr\u00e9voir un sac pour le transport) puis les bottes de neige restent dans le car pendant la journ\u00e9e<\/li>\n\n\n\n<li>L&rsquo;enfant (m\u00eame d\u00e9butant) doit porter ses propres affaires : ne chargez pas trop son sac \u00e0 dos<\/li>\n\n\n\n<li>Seule une absence justifi\u00e9e m\u00e9dicalement pourra aboutir \u00e0 un remboursement<\/li>\n<\/ul>\n<\/li>\n<\/ul>\n\n\n\n<ul class=\"wp-block-list\">\n<li><\/li>\n<\/ul>\n","protected":false},"excerpt":{"rendered":"<p>Pour voir l&rsquo;enneigement,&nbsp;c&rsquo;est&nbsp;par ici&nbsp;et le plan des pistes,&nbsp;c&rsquo;est&nbsp;par l\u00e0&nbsp;(cliquez sur \u00ab\u00a0Ouvertures\u00a0\u00bb pour voir les pistes ouvertes) Cours de ski Ils sont r\u00e9serv\u00e9s aux\u00a0enfants de 6 ans\u00a0r\u00e9volus\u00a0\u00e0 12 ans\u00a0(170\u20ac\u00a0pour les 5&hellip;&nbsp;<a href=\"https:\/\/www.val74.fr\/index.php\/activites-a-lannee\/ski-enfants\/\" class=\"\" rel=\"bookmark\">Lire la suite &raquo;<span class=\"screen-reader-text\">Ski Enfants<\/span><\/a><\/p>\n","protected":false},"author":1,"featured_media":0,"parent":25,"menu_order":0,"comment_status":"closed","ping_status":"closed","template":"","meta":{"neve_meta_sidebar":"","neve_meta_container":"","neve_meta_enable_content_width":"","neve_meta_content_width":0,"neve_meta_title_alignment":"","neve_meta_author_avatar":"","neve_post_elements_order":"","neve_meta_disable_header":"","neve_meta_disable_footer":"","neve_meta_disable_title":"","_themeisle_gutenberg_block_has_review":false,"_ti_tpc_template_sync":false,"_ti_tpc_template_id":"","footnotes":""},"class_list":["post-394","page","type-page","status-publish","hentry"],"_links":{"self":[{"href":"https:\/\/www.val74.fr\/index.php\/wp-json\/wp\/v2\/pages\/394","targetHints":{"allow":["GET"]}}],"collection":[{"href":"https:\/\/www.val74.fr\/index.php\/wp-json\/wp\/v2\/pages"}],"about":[{"href":"https:\/\/www.val74.fr\/index.php\/wp-json\/wp\/v2\/types\/page"}],"author":[{"embeddable":true,"href":"https:\/\/www.val74.fr\/index.php\/wp-json\/wp\/v2\/users\/1"}],"replies":[{"embeddable":true,"href":"https:\/\/www.val74.fr\/index.php\/wp-json\/wp\/v2\/comments?post=394"}],"version-history":[{"count":7,"href":"https:\/\/www.val74.fr\/index.php\/wp-json\/wp\/v2\/pages\/394\/revisions"}],"predecessor-version":[{"id":756,"href":"https:\/\/www.val74.fr\/index.php\/wp-json\/wp\/v2\/pages\/394\/revisions\/756"}],"up":[{"embeddable":true,"href":"https:\/\/www.val74.fr\/index.php\/wp-json\/wp\/v2\/pages\/25"}],"wp:attachment":[{"href":"https:\/\/www.val74.fr\/index.php\/wp-json\/wp\/v2\/media?parent=394"}],"curies":[{"name":"wp","href":"https:\/\/api.w.org\/{rel}","templated":true}]}}