{"id":309,"date":"2020-01-13T11:17:52","date_gmt":"2020-01-13T11:17:52","guid":{"rendered":"https:\/\/demosites.io\/web-agency-gb\/?page_id=5"},"modified":"2024-10-03T15:02:45","modified_gmt":"2024-10-03T13:02:45","slug":"15c42-web-agency-gb-home","status":"publish","type":"page","link":"https:\/\/www.val74.fr\/","title":{"rendered":"Accueil"},"content":{"rendered":"\n<div class=\"wp-block-cover alignfull is-light\" style=\"min-height:700px;aspect-ratio:unset;\"><span aria-hidden=\"true\" class=\"wp-block-cover__background has-background-dim-60 has-background-dim\" style=\"background-color:#d2d4d1\"><\/span><img loading=\"lazy\" decoding=\"async\" width=\"1305\" height=\"924\" class=\"wp-block-cover__image-background wp-image-388\" alt=\"\" src=\"http:\/\/www.val74.fr\/wp-content\/uploads\/2024\/06\/ski.jpg\" data-object-fit=\"cover\" srcset=\"https:\/\/www.val74.fr\/wp-content\/uploads\/2024\/06\/ski.jpg 1305w, https:\/\/www.val74.fr\/wp-content\/uploads\/2024\/06\/ski-300x212.jpg 300w, https:\/\/www.val74.fr\/wp-content\/uploads\/2024\/06\/ski-1024x725.jpg 1024w, https:\/\/www.val74.fr\/wp-content\/uploads\/2024\/06\/ski-768x544.jpg 768w\" sizes=\"auto, (max-width: 1305px) 100vw, 1305px\" \/><div class=\"wp-block-cover__inner-container is-layout-flow wp-block-cover-is-layout-flow\">\n<div style=\"height:50px\" aria-hidden=\"true\" class=\"wp-block-spacer\"><\/div>\n\n\n\n<h1 class=\"wp-block-heading has-text-align-center has-text-color\" style=\"color:#121212\">Vaulx Amiti\u00e9 Loisirs<\/h1>\n\n\n\n<p class=\"has-text-align-center has-text-color\" style=\"color:#121212;font-size:17px\"><strong>Vaulx Amiti\u00e9 Loisirs<\/strong>&nbsp;est une&nbsp;association loi 1901&nbsp;qui existe depuis 1980.&nbsp;Nous proposons des activit\u00e9s sportives, d&rsquo;apprentissage et de bien-\u00eatre ainsi que&nbsp;de nombreux \u00e9v\u00e8nements&nbsp;pour les habitants de la commune de Vaulx et celles des alentours \u00e0 destination des petits et des grands.<\/p>\n\n\n\n<div class=\"wp-block-buttons is-horizontal is-content-justification-center is-layout-flex wp-container-core-buttons-is-layout-499968f5 wp-block-buttons-is-layout-flex\">\n<div class=\"wp-block-button is-style-primary\"><a class=\"wp-block-button__link wp-element-button\" href=\"https:\/\/www.val74.fr\/index.php\/activites-a-lannee\/\">NOS ACTIVITES<\/a><\/div>\n\n\n\n<div class=\"wp-block-button is-style-secondary\"><a class=\"wp-block-button__link wp-element-button\" href=\"https:\/\/www.val74.fr\/index.php\/adherer\/\">ADHERER<\/a><\/div>\n<\/div>\n\n\n\n<div style=\"height:80px\" aria-hidden=\"true\" class=\"wp-block-spacer\"><\/div>\n\n\n\n<div style=\"height:80px\" aria-hidden=\"true\" class=\"wp-block-spacer\"><\/div>\n<\/div><\/div>\n\n\n\n<div style=\"height:80px\" aria-hidden=\"true\" class=\"wp-block-spacer\"><\/div>\n\n\n\n<div class=\"wp-block-columns is-layout-flex wp-container-core-columns-is-layout-9d6595d7 wp-block-columns-is-layout-flex\">\n<div class=\"wp-block-column is-layout-flow wp-block-column-is-layout-flow\"><div class=\"wp-block-image\">\n<figure class=\"aligncenter size-full is-resized\"><img loading=\"lazy\" decoding=\"async\" width=\"117\" height=\"117\" src=\"http:\/\/www.val74.fr\/wp-content\/uploads\/2024\/07\/2.png\" alt=\"\" class=\"wp-image-451\" style=\"width:71px;height:auto\"\/><\/figure>\n<\/div>\n\n\n<div style=\"height:20px\" aria-hidden=\"true\" class=\"wp-block-spacer\"><\/div>\n\n\n\n<h3 class=\"wp-block-heading has-text-align-center has-neve-text-color-color has-text-color\">Activit\u00e9s \u00e0 l&rsquo;ann\u00e9e<\/h3>\n\n\n\n<p class=\"has-text-align-center\">VAL c&rsquo;est 12 activit\u00e9s sportives \u00e0 l&rsquo;ann\u00e9e pour tous les go\u00fbts et tous les niveaux.<\/p>\n\n\n\n<div style=\"height:20px\" aria-hidden=\"true\" class=\"wp-block-spacer\"><\/div>\n<\/div>\n\n\n\n<div class=\"wp-block-column is-layout-flow wp-block-column-is-layout-flow\"><div class=\"wp-block-image icon-style is-style-rounded\">\n<figure class=\"aligncenter size-full is-resized\"><img loading=\"lazy\" decoding=\"async\" width=\"117\" height=\"117\" src=\"http:\/\/www.val74.fr\/wp-content\/uploads\/2024\/07\/1.png\" alt=\"\" class=\"wp-image-450\" style=\"width:77px;height:auto\"\/><\/figure>\n<\/div>\n\n\n<div style=\"height:20px\" aria-hidden=\"true\" class=\"wp-block-spacer\"><\/div>\n\n\n\n<h3 class=\"wp-block-heading has-text-align-center has-neve-text-color-color has-text-color\">Activit\u00e9 ski<\/h3>\n\n\n\n<p class=\"has-text-align-center\">5 sorties ski \u00e0 La Clusaz sur janvier-f\u00e9vrier pour les enfants de 6 \u00e0 12 ans.<\/p>\n\n\n\n<div style=\"height:20px\" aria-hidden=\"true\" class=\"wp-block-spacer\"><\/div>\n<\/div>\n\n\n\n<div class=\"wp-block-column is-layout-flow wp-block-column-is-layout-flow\"><div class=\"wp-block-image icon-style is-style-rounded\">\n<figure class=\"aligncenter size-full is-resized\"><img loading=\"lazy\" decoding=\"async\" width=\"117\" height=\"117\" src=\"http:\/\/www.val74.fr\/wp-content\/uploads\/2024\/07\/3.png\" alt=\"\" class=\"wp-image-452\" style=\"width:73px;height:auto\"\/><\/figure>\n<\/div>\n\n\n<div style=\"height:20px\" aria-hidden=\"true\" class=\"wp-block-spacer\"><\/div>\n\n\n\n<h3 class=\"wp-block-heading has-text-align-center has-neve-text-color-color has-text-color\">Nos \u00e9v\u00e9nements<\/h3>\n\n\n\n<p class=\"has-text-align-center\">Concours de p\u00e9tanque, march\u00e9 de No\u00ebl et Vaulx en F\u00eate, retrouvez-nous tout au long de l&rsquo;ann\u00e9e pour des moments festifs!<\/p>\n\n\n\n<div style=\"height:20px\" aria-hidden=\"true\" class=\"wp-block-spacer\"><\/div>\n<\/div>\n<\/div>\n\n\n\n<div class=\"wp-block-cover alignfull\" style=\"min-height:600px;aspect-ratio:unset;\"><span aria-hidden=\"true\" class=\"wp-block-cover__background has-nv-light-bg-background-color has-background-dim-100 has-background-dim\"><\/span><div class=\"wp-block-cover__inner-container is-layout-flow wp-block-cover-is-layout-flow\">\n<div class=\"wp-block-group\"><div class=\"wp-block-group__inner-container is-layout-flow wp-block-group-is-layout-flow\">\n<div style=\"height:80px\" aria-hidden=\"true\" class=\"wp-block-spacer\"><\/div>\n\n\n\n<div class=\"wp-block-columns are-vertically-aligned-center is-layout-flex wp-container-core-columns-is-layout-9d6595d7 wp-block-columns-is-layout-flex\">\n<div class=\"wp-block-column is-vertically-aligned-center is-layout-flow wp-block-column-is-layout-flow\" style=\"flex-basis:50%\">\n<figure class=\"wp-block-gallery has-nested-images columns-default is-cropped wp-block-gallery-1 is-layout-flex wp-block-gallery-is-layout-flex\">\n<figure class=\"wp-block-image size-large\"><img loading=\"lazy\" decoding=\"async\" width=\"768\" height=\"1024\" data-id=\"401\" src=\"https:\/\/www.val74.fr\/wp-content\/uploads\/2024\/06\/ac-768x1024.jpg\" alt=\"\" class=\"wp-image-401\" srcset=\"https:\/\/www.val74.fr\/wp-content\/uploads\/2024\/06\/ac-768x1024.jpg 768w, https:\/\/www.val74.fr\/wp-content\/uploads\/2024\/06\/ac-225x300.jpg 225w, https:\/\/www.val74.fr\/wp-content\/uploads\/2024\/06\/ac-1152x1536.jpg 1152w, https:\/\/www.val74.fr\/wp-content\/uploads\/2024\/06\/ac.jpg 1200w\" sizes=\"auto, (max-width: 768px) 100vw, 768px\" \/><\/figure>\n<\/figure>\n<\/div>\n\n\n\n<div class=\"wp-block-column is-vertically-aligned-center is-layout-flow wp-block-column-is-layout-flow\" style=\"flex-basis:50%\">\n<div style=\"height:20px\" aria-hidden=\"true\" class=\"wp-block-spacer\"><\/div>\n\n\n\n<h2 class=\"wp-block-heading has-text-align-left has-neve-text-color-color has-text-color\">Activit\u00e9s \u00e0 l&rsquo;ann\u00e9e<\/h2>\n\n\n\n<p class=\"has-text-align-left has-neve-text-color-color has-text-color\" style=\"font-size:17px\">Nous vous proposons 12 activit\u00e9s sportives adapt\u00e9es \u00e0 tous les niveaux et \u00e0 tous les go\u00fbts.<\/p>\n\n\n\n<div class=\"wp-block-buttons is-horizontal is-content-justification-left is-layout-flex wp-container-core-buttons-is-layout-7e5fce0a wp-block-buttons-is-layout-flex\">\n<div class=\"wp-block-button is-style-primary\"><a class=\"wp-block-button__link wp-element-button\" href=\"https:\/\/www.val74.fr\/index.php\/activites-a-lannee\/\">EN SAVOIR PLUS<\/a><\/div>\n<\/div>\n<\/div>\n<\/div>\n\n\n\n<div style=\"height:40px\" aria-hidden=\"true\" class=\"wp-block-spacer\"><\/div>\n<\/div><\/div>\n<\/div><\/div>\n\n\n\n<div class=\"wp-block-cover alignfull\" style=\"min-height:600px;aspect-ratio:unset;\"><span aria-hidden=\"true\" class=\"wp-block-cover__background has-nv-site-bg-background-color has-background-dim-100 has-background-dim\"><\/span><div class=\"wp-block-cover__inner-container is-layout-flow wp-block-cover-is-layout-flow\">\n<div class=\"wp-block-group\"><div class=\"wp-block-group__inner-container is-layout-flow wp-block-group-is-layout-flow\">\n<div style=\"height:80px\" aria-hidden=\"true\" class=\"wp-block-spacer\"><\/div>\n\n\n\n<div class=\"wp-block-columns are-vertically-aligned-center is-layout-flex wp-container-core-columns-is-layout-9d6595d7 wp-block-columns-is-layout-flex\">\n<div class=\"wp-block-column is-vertically-aligned-center is-layout-flow wp-block-column-is-layout-flow\" style=\"flex-basis:50%\">\n<h2 class=\"wp-block-heading has-text-align-left has-neve-text-color-color has-text-color\">Activit\u00e9 ski<\/h2>\n\n\n\n<p class=\"has-text-align-left has-neve-text-color-color has-text-color\" style=\"font-size:17px\">Activit\u00e9 phare de VAL, nous proposons aux enfants de 6 \u00e0 12 ans 5 sorties sur janvier-f\u00e9vrier \u00e0 la station de La Clusaz. <\/p>\n\n\n\n<div class=\"wp-block-buttons is-horizontal is-content-justification-left is-layout-flex wp-container-core-buttons-is-layout-7e5fce0a wp-block-buttons-is-layout-flex\">\n<div class=\"wp-block-button is-style-primary\"><a class=\"wp-block-button__link wp-element-button\" href=\"https:\/\/www.val74.fr\/index.php\/activites-a-lannee\/ski-enfants\/\">EN SAVOIR PLUS<\/a><\/div>\n<\/div>\n\n\n\n<div style=\"height:40px\" aria-hidden=\"true\" class=\"wp-block-spacer\"><\/div>\n<\/div>\n\n\n\n<div class=\"wp-block-column is-vertically-aligned-center is-layout-flow wp-block-column-is-layout-flow\" style=\"flex-basis:50%\">\n<figure class=\"wp-block-image size-large\"><img loading=\"lazy\" decoding=\"async\" width=\"1024\" height=\"725\" src=\"https:\/\/www.val74.fr\/wp-content\/uploads\/2024\/06\/ski-1-1024x725.jpg\" alt=\"\" class=\"wp-image-402\" srcset=\"https:\/\/www.val74.fr\/wp-content\/uploads\/2024\/06\/ski-1-1024x725.jpg 1024w, https:\/\/www.val74.fr\/wp-content\/uploads\/2024\/06\/ski-1-300x212.jpg 300w, https:\/\/www.val74.fr\/wp-content\/uploads\/2024\/06\/ski-1-768x544.jpg 768w, https:\/\/www.val74.fr\/wp-content\/uploads\/2024\/06\/ski-1.jpg 1305w\" sizes=\"auto, (max-width: 1024px) 100vw, 1024px\" \/><\/figure>\n<\/div>\n<\/div>\n\n\n\n<div style=\"height:40px\" aria-hidden=\"true\" class=\"wp-block-spacer\"><\/div>\n<\/div><\/div>\n<\/div><\/div>\n\n\n\n<div class=\"wp-block-cover alignfull\" style=\"min-height:600px;aspect-ratio:unset;\"><span aria-hidden=\"true\" class=\"wp-block-cover__background has-nv-dark-bg-background-color has-background-dim-100 has-background-dim\"><\/span><div class=\"wp-block-cover__inner-container is-layout-flow wp-block-cover-is-layout-flow\">\n<div class=\"wp-block-group\"><div class=\"wp-block-group__inner-container is-layout-flow wp-block-group-is-layout-flow\">\n<div style=\"height:80px\" aria-hidden=\"true\" class=\"wp-block-spacer\"><\/div>\n\n\n\n<div class=\"wp-block-columns are-vertically-aligned-center is-layout-flex wp-container-core-columns-is-layout-9d6595d7 wp-block-columns-is-layout-flex\">\n<div class=\"wp-block-column is-vertically-aligned-center is-layout-flow wp-block-column-is-layout-flow\" style=\"flex-basis:50%\"><div class=\"wp-block-image\">\n<figure class=\"aligncenter size-full is-resized\"><img loading=\"lazy\" decoding=\"async\" width=\"1762\" height=\"2500\" src=\"http:\/\/www.val74.fr\/wp-content\/uploads\/2024\/10\/A5-Bourse-aux-skis-VAL-2.png\" alt=\"\" class=\"wp-image-726\" style=\"width:414px;height:auto\" srcset=\"https:\/\/www.val74.fr\/wp-content\/uploads\/2024\/10\/A5-Bourse-aux-skis-VAL-2.png 1762w, https:\/\/www.val74.fr\/wp-content\/uploads\/2024\/10\/A5-Bourse-aux-skis-VAL-2-211x300.png 211w, https:\/\/www.val74.fr\/wp-content\/uploads\/2024\/10\/A5-Bourse-aux-skis-VAL-2-722x1024.png 722w, https:\/\/www.val74.fr\/wp-content\/uploads\/2024\/10\/A5-Bourse-aux-skis-VAL-2-768x1090.png 768w, https:\/\/www.val74.fr\/wp-content\/uploads\/2024\/10\/A5-Bourse-aux-skis-VAL-2-1083x1536.png 1083w, https:\/\/www.val74.fr\/wp-content\/uploads\/2024\/10\/A5-Bourse-aux-skis-VAL-2-1443x2048.png 1443w\" sizes=\"auto, (max-width: 1762px) 100vw, 1762px\" \/><\/figure>\n<\/div><\/div>\n\n\n\n<div class=\"wp-block-column is-vertically-aligned-center is-layout-flow wp-block-column-is-layout-flow\" style=\"flex-basis:50%\">\n<div style=\"height:40px\" aria-hidden=\"true\" class=\"wp-block-spacer\"><\/div>\n\n\n\n<h2 class=\"wp-block-heading has-text-align-left has-nv-text-dark-bg-color has-text-color\">Nos \u00e9v\u00e9nements<\/h2>\n\n\n\n<p class=\"has-text-align-left has-nv-text-dark-bg-color has-text-color\" style=\"font-size:17px\">Nous avons \u00e0 c\u0153ur de faire vivre le village en proposant r\u00e9guli\u00e8rement des \u00e9v\u00e8nements festifs r\u00e9unissant petits et grands!<\/p>\n\n\n\n<div class=\"wp-block-buttons is-horizontal is-content-justification-left is-layout-flex wp-container-core-buttons-is-layout-7e5fce0a wp-block-buttons-is-layout-flex\">\n<div class=\"wp-block-button is-style-primary\"><a class=\"wp-block-button__link wp-element-button\" href=\"https:\/\/www.val74.fr\/index.php\/evenements\/\">EN SAVOIR PLUS<\/a><\/div>\n<\/div>\n<\/div>\n<\/div>\n<\/div><\/div>\n<\/div><\/div>\n","protected":false},"excerpt":{"rendered":"<p>Activit\u00e9s \u00e0 l&rsquo;ann\u00e9e VAL c&rsquo;est 12 activit\u00e9s sportives \u00e0 l&rsquo;ann\u00e9e pour tous les go\u00fbts et tous les niveaux. Activit\u00e9 ski 5 sorties ski \u00e0 La Clusaz sur janvier-f\u00e9vrier pour les&hellip;&nbsp;<a href=\"https:\/\/www.val74.fr\/\" class=\"\" rel=\"bookmark\">Lire la suite &raquo;<span class=\"screen-reader-text\">Accueil<\/span><\/a><\/p>\n","protected":false},"author":1,"featured_media":0,"parent":0,"menu_order":0,"comment_status":"closed","ping_status":"closed","template":"","meta":{"neve_meta_sidebar":"default","neve_meta_container":"default","neve_meta_enable_content_width":"on","neve_meta_content_width":100,"neve_meta_title_alignment":"","neve_meta_author_avatar":"","neve_post_elements_order":"","neve_meta_disable_header":"","neve_meta_disable_footer":"","neve_meta_disable_title":"on","_themeisle_gutenberg_block_has_review":false,"_ti_tpc_template_sync":false,"_ti_tpc_template_id":"5udqur826ojgsxrmsxsc","footnotes":""},"class_list":["post-309","page","type-page","status-publish","hentry"],"_links":{"self":[{"href":"https:\/\/www.val74.fr\/index.php\/wp-json\/wp\/v2\/pages\/309","targetHints":{"allow":["GET"]}}],"collection":[{"href":"https:\/\/www.val74.fr\/index.php\/wp-json\/wp\/v2\/pages"}],"about":[{"href":"https:\/\/www.val74.fr\/index.php\/wp-json\/wp\/v2\/types\/page"}],"author":[{"embeddable":true,"href":"https:\/\/www.val74.fr\/index.php\/wp-json\/wp\/v2\/users\/1"}],"replies":[{"embeddable":true,"href":"https:\/\/www.val74.fr\/index.php\/wp-json\/wp\/v2\/comments?post=309"}],"version-history":[{"count":26,"href":"https:\/\/www.val74.fr\/index.php\/wp-json\/wp\/v2\/pages\/309\/revisions"}],"predecessor-version":[{"id":728,"href":"https:\/\/www.val74.fr\/index.php\/wp-json\/wp\/v2\/pages\/309\/revisions\/728"}],"wp:attachment":[{"href":"https:\/\/www.val74.fr\/index.php\/wp-json\/wp\/v2\/media?parent=309"}],"curies":[{"name":"wp","href":"https:\/\/api.w.org\/{rel}","templated":true}]}}