{"id":25,"date":"2024-06-25T09:29:14","date_gmt":"2024-06-25T07:29:14","guid":{"rendered":"http:\/\/www.val74.fr\/?page_id=25"},"modified":"2025-09-29T16:10:50","modified_gmt":"2025-09-29T14:10:50","slug":"activites-a-lannee","status":"publish","type":"page","link":"https:\/\/www.val74.fr\/index.php\/activites-a-lannee\/","title":{"rendered":"Activit\u00e9s \u00e0 l&rsquo;ann\u00e9e"},"content":{"rendered":"\n<figure class=\"wp-block-table is-style-stripes\"><table style=\"border-width:2px\"><thead><tr><th>DISCIPLINE<\/th><th>Jour de Cours<\/th><th>Horaires<\/th><th>Professeur<\/th><\/tr><\/thead><tbody><tr><td><a href=\"https:\/\/www.val74.fr\/index.php\/activites-a-lannee\/equilibre-streching-postural\/\" data-type=\"page\" data-id=\"465\">Equilibre \/ Stretching Postural<\/a><\/td><td>LUNDI<\/td><td>16H30-17H30<\/td><td>Kelly CHALUT<\/td><\/tr><tr><td><a href=\"https:\/\/www.val74.fr\/index.php\/pilate-gr1experimente\/\" data-type=\"page\" data-id=\"467\">Pilate GR1 (Exp\u00e9riment\u00e9)<\/a><\/td><td>LUNDI<\/td><td>17H30 &#8211; 18H30<\/td><td>Kelly CHALUT<\/td><\/tr><tr><td><a href=\"https:\/\/www.val74.fr\/index.php\/activites-a-lannee\/cardio\/\" data-type=\"page\" data-id=\"470\">Cardio<\/a><\/td><td>LUNDI<\/td><td>18H30 &#8211; 19H30<\/td><td>Kelly CHALUT<\/td><\/tr><tr><td><a href=\"https:\/\/www.val74.fr\/index.php\/activites-a-lannee\/cross-training-adultes\/\" data-type=\"page\" data-id=\"27\">Cross Training<\/a><\/td><td>LUNDI<\/td><td>19H30 &#8211; 20H30<\/td><td>Kelly CHALUT<\/td><\/tr><tr><td><a href=\"https:\/\/www.val74.fr\/index.php\/activites-a-lannee\/acrosport-salle-motricite-enfants-7-11-ans\/\" data-type=\"page\" data-id=\"472\">Acrosport (Salle motricit\u00e9) Enfants 7\/11 ans<\/a><\/td><td>MARDI<\/td><td>16H45 &#8211; 17H45<\/td><td>Kelly CHALUT<\/td><\/tr><tr><td><a href=\"https:\/\/www.val74.fr\/index.php\/activites-a-lannee\/pilate-gr2\/\" data-type=\"page\" data-id=\"519\">Pilate GR2<\/a><\/td><td>MARDI<\/td><td>18H00 &#8211; 19H00<\/td><td>Kelly CHALUT<\/td><\/tr><tr><td><a href=\"https:\/\/www.val74.fr\/index.php\/activites-a-lannee\/cardio-renfo\/\" data-type=\"page\" data-id=\"474\">Cardio renfo<\/a><\/td><td>MARDI<\/td><td>19H00- 20H00<\/td><td>Kelly CHALUT<\/td><\/tr><tr><td><a href=\"https:\/\/www.val74.fr\/index.php\/pilate-renfo\/\" data-type=\"page\" data-id=\"476\">Pilate Renfo<\/a><\/td><td>MARDI<\/td><td>20H00 &#8211; 21H00<\/td><td>Kelly CHALUT<\/td><\/tr><tr><td><a href=\"https:\/\/www.val74.fr\/index.php\/activites-a-lannee\/marche-nordique\/\" data-type=\"page\" data-id=\"482\">MARCHE NORDIQUE<\/a><\/td><td>MERCREDI\u00a0<\/td><td>15H00 &#8211; 17H00<\/td><td>Kelly CHALUT<\/td><\/tr><tr><td><a href=\"https:\/\/www.val74.fr\/index.php\/activites-a-lannee\/atelier-pleine-concience\/\" data-type=\"page\" data-id=\"484\">Atelier Pleine Conscience<\/a><\/td><td>JEUDI<\/td><td>15H00 &#8211; 16H30<\/td><td>Isabelle MARTIN<\/td><\/tr><tr><td><a href=\"https:\/\/www.val74.fr\/index.php\/activites-a-lannee\/atelier-pleine-concience\/\" data-type=\"page\" data-id=\"484\">Atelier Pleine Conscience<\/a><\/td><td>JEUDI<\/td><td>15H00 &#8211; 16H30<\/td><td>Isabelle MARTIN<\/td><\/tr><tr><td><a href=\"https:\/\/www.val74.fr\/index.php\/activites-a-lannee\/gym-douce\/\" data-type=\"page\" data-id=\"478\">Gym Douce<\/a><\/td><td>VENDREDI<\/td><td>8H30 &#8211; 9H30<\/td><td>Kelly CHALUT<\/td><\/tr><tr><td><a href=\"https:\/\/www.val74.fr\/index.php\/activites-a-lannee\/body-sculpt\/\" data-type=\"page\" data-id=\"480\">Body Sculpt<\/a><\/td><td>VENDREDI<\/td><td>9H30 &#8211; 10H30<\/td><td>Kelly CHALUT<\/td><\/tr><\/tbody><\/table><\/figure>\n","protected":false},"excerpt":{"rendered":"<p>DISCIPLINE Jour de Cours Horaires Professeur Equilibre \/ Stretching Postural LUNDI 16H30-17H30 Kelly CHALUT Pilate GR1 (Exp\u00e9riment\u00e9) LUNDI 17H30 &#8211; 18H30 Kelly CHALUT Cardio LUNDI 18H30 &#8211; 19H30 Kelly CHALUT&hellip;&nbsp;<a href=\"https:\/\/www.val74.fr\/index.php\/activites-a-lannee\/\" class=\"\" rel=\"bookmark\">Lire la suite &raquo;<span class=\"screen-reader-text\">Activit\u00e9s \u00e0 l&rsquo;ann\u00e9e<\/span><\/a><\/p>\n","protected":false},"author":1,"featured_media":0,"parent":0,"menu_order":0,"comment_status":"closed","ping_status":"closed","template":"","meta":{"neve_meta_sidebar":"","neve_meta_container":"","neve_meta_enable_content_width":"","neve_meta_content_width":0,"neve_meta_title_alignment":"","neve_meta_author_avatar":"","neve_post_elements_order":"","neve_meta_disable_header":"","neve_meta_disable_footer":"","neve_meta_disable_title":"","_themeisle_gutenberg_block_has_review":false,"_ti_tpc_template_sync":false,"_ti_tpc_template_id":"","footnotes":""},"class_list":["post-25","page","type-page","status-publish","hentry"],"_links":{"self":[{"href":"https:\/\/www.val74.fr\/index.php\/wp-json\/wp\/v2\/pages\/25","targetHints":{"allow":["GET"]}}],"collection":[{"href":"https:\/\/www.val74.fr\/index.php\/wp-json\/wp\/v2\/pages"}],"about":[{"href":"https:\/\/www.val74.fr\/index.php\/wp-json\/wp\/v2\/types\/page"}],"author":[{"embeddable":true,"href":"https:\/\/www.val74.fr\/index.php\/wp-json\/wp\/v2\/users\/1"}],"replies":[{"embeddable":true,"href":"https:\/\/www.val74.fr\/index.php\/wp-json\/wp\/v2\/comments?post=25"}],"version-history":[{"count":15,"href":"https:\/\/www.val74.fr\/index.php\/wp-json\/wp\/v2\/pages\/25\/revisions"}],"predecessor-version":[{"id":760,"href":"https:\/\/www.val74.fr\/index.php\/wp-json\/wp\/v2\/pages\/25\/revisions\/760"}],"wp:attachment":[{"href":"https:\/\/www.val74.fr\/index.php\/wp-json\/wp\/v2\/media?parent=25"}],"curies":[{"name":"wp","href":"https:\/\/api.w.org\/{rel}","templated":true}]}}