{"id":14,"date":"2024-06-25T09:16:25","date_gmt":"2024-06-25T07:16:25","guid":{"rendered":"http:\/\/www.val74.fr\/?page_id=14"},"modified":"2025-09-29T16:12:54","modified_gmt":"2025-09-29T14:12:54","slug":"sincrire","status":"publish","type":"page","link":"https:\/\/www.val74.fr\/index.php\/sincrire\/","title":{"rendered":"S&rsquo;incrire"},"content":{"rendered":"\n<h3 class=\"wp-block-heading\">Inscription aux activit\u00e9s de VAL<\/h3>\n\n\n\n<p>Les anciens et nouveaux adh\u00e9rents doivent s&rsquo;inscrire lors de l&rsquo;Assembl\u00e9e G\u00e9n\u00e9rale (qui a lieu d\u00e9but septembre).<\/p>\n\n\n\n<p>Pour toute inscription en cours d&rsquo;ann\u00e9e, contactez l&rsquo;un des membres du&nbsp;<strong><a href=\"https:\/\/val-74.e-monsite.com\/pages\/presentation\/equipe.html\">conseil d&rsquo;administration<\/a><\/strong>&nbsp;ou utilisez notre&nbsp;<strong><a href=\"https:\/\/val-74.e-monsite.com\/contact\/\">formulaire de contact<\/a><\/strong>.<\/p>\n\n\n\n<p>Les pi\u00e8ces \u00e0 fournir et le r\u00e8glement sont \u00e0 d\u00e9poser dans la bo\u00eete aux lettres de VAL en bas de la mairie.<\/p>\n\n\n\n<h3 class=\"wp-block-heading\">Pi\u00e8ces \u00e0 fournir<\/h3>\n\n\n\n<p>Fiche d&rsquo;inscription 2025\/2026 (en cours de mise en ligne)<\/p>\n\n\n\n<h3 class=\"wp-block-heading\">R\u00e8glement<\/h3>\n\n\n\n<p><strong>R\u00e8glement par ch\u00e8que \u00e0 l\u2019ordre de Vaulx Amiti\u00e9 Loisirs ou VAL&nbsp;:<\/strong><\/p>\n\n\n\n<p>1 ch\u00e8que pour la cotisation encaiss\u00e9 fin octobre<\/p>\n\n\n\n<p>+ 1 ch\u00e8que par activit\u00e9&nbsp;hors ski encaiss\u00e9 fin octobre<\/p>\n\n\n\n<p>+ 1 ch\u00e8que pour le ski encaiss\u00e9 fin janvier<\/p>\n","protected":false},"excerpt":{"rendered":"<p>Inscription aux activit\u00e9s de VAL Les anciens et nouveaux adh\u00e9rents doivent s&rsquo;inscrire lors de l&rsquo;Assembl\u00e9e G\u00e9n\u00e9rale (qui a lieu d\u00e9but septembre). Pour toute inscription en cours d&rsquo;ann\u00e9e, contactez l&rsquo;un des&hellip;&nbsp;<a href=\"https:\/\/www.val74.fr\/index.php\/sincrire\/\" class=\"\" rel=\"bookmark\">Lire la suite &raquo;<span class=\"screen-reader-text\">S&rsquo;incrire<\/span><\/a><\/p>\n","protected":false},"author":1,"featured_media":0,"parent":0,"menu_order":0,"comment_status":"closed","ping_status":"closed","template":"","meta":{"neve_meta_sidebar":"","neve_meta_container":"","neve_meta_enable_content_width":"","neve_meta_content_width":0,"neve_meta_title_alignment":"","neve_meta_author_avatar":"","neve_post_elements_order":"","neve_meta_disable_header":"","neve_meta_disable_footer":"","neve_meta_disable_title":"","_themeisle_gutenberg_block_has_review":false,"_ti_tpc_template_sync":false,"_ti_tpc_template_id":"","footnotes":""},"class_list":["post-14","page","type-page","status-publish","hentry"],"_links":{"self":[{"href":"https:\/\/www.val74.fr\/index.php\/wp-json\/wp\/v2\/pages\/14","targetHints":{"allow":["GET"]}}],"collection":[{"href":"https:\/\/www.val74.fr\/index.php\/wp-json\/wp\/v2\/pages"}],"about":[{"href":"https:\/\/www.val74.fr\/index.php\/wp-json\/wp\/v2\/types\/page"}],"author":[{"embeddable":true,"href":"https:\/\/www.val74.fr\/index.php\/wp-json\/wp\/v2\/users\/1"}],"replies":[{"embeddable":true,"href":"https:\/\/www.val74.fr\/index.php\/wp-json\/wp\/v2\/comments?post=14"}],"version-history":[{"count":3,"href":"https:\/\/www.val74.fr\/index.php\/wp-json\/wp\/v2\/pages\/14\/revisions"}],"predecessor-version":[{"id":762,"href":"https:\/\/www.val74.fr\/index.php\/wp-json\/wp\/v2\/pages\/14\/revisions\/762"}],"wp:attachment":[{"href":"https:\/\/www.val74.fr\/index.php\/wp-json\/wp\/v2\/media?parent=14"}],"curies":[{"name":"wp","href":"https:\/\/api.w.org\/{rel}","templated":true}]}}