{"id":10,"date":"2024-06-25T09:15:16","date_gmt":"2024-06-25T07:15:16","guid":{"rendered":"http:\/\/www.val74.fr\/?page_id=10"},"modified":"2024-07-02T18:40:44","modified_gmt":"2024-07-02T16:40:44","slug":"nous-rejoindre","status":"publish","type":"page","link":"https:\/\/www.val74.fr\/index.php\/nous-rejoindre\/","title":{"rendered":"Nous rejoindre"},"content":{"rendered":"\n<p>Vous souhaitez vous investir dans&nbsp;<strong>Vaulx Amiti\u00e9 Loisirs<\/strong>&nbsp;et devenir un membre actif ?<\/p>\n\n\n\n<p>Vous pouvez nous rejoindre d\u00e8s maintenant et nous aider \u00e0 d\u00e9velopper notre association !<\/p>\n\n\n\n<p>Pour cela, contactez l&rsquo;un des membres du\u00a0<strong><a href=\"https:\/\/www.val74.fr\/index.php\/notre-equipe\/\" data-type=\"page\" data-id=\"12\">conseil d&rsquo;administration<\/a><\/strong>\u00a0ou utilisez notre\u00a0<strong><a href=\"https:\/\/www.val74.fr\/index.php\/15c42-web-agency-gb-contact-us\/\" data-type=\"page\" data-id=\"75\">formulaire de contact<\/a><\/strong>.<\/p>\n","protected":false},"excerpt":{"rendered":"<p>Vous souhaitez vous investir dans&nbsp;Vaulx Amiti\u00e9 Loisirs&nbsp;et devenir un membre actif ? Vous pouvez nous rejoindre d\u00e8s maintenant et nous aider \u00e0 d\u00e9velopper notre association ! Pour cela, contactez l&rsquo;un&hellip;&nbsp;<a href=\"https:\/\/www.val74.fr\/index.php\/nous-rejoindre\/\" class=\"\" rel=\"bookmark\">Lire la suite &raquo;<span class=\"screen-reader-text\">Nous rejoindre<\/span><\/a><\/p>\n","protected":false},"author":1,"featured_media":0,"parent":0,"menu_order":0,"comment_status":"closed","ping_status":"closed","template":"","meta":{"neve_meta_sidebar":"","neve_meta_container":"","neve_meta_enable_content_width":"","neve_meta_content_width":0,"neve_meta_title_alignment":"","neve_meta_author_avatar":"","neve_post_elements_order":"","neve_meta_disable_header":"","neve_meta_disable_footer":"","neve_meta_disable_title":"","_themeisle_gutenberg_block_has_review":false,"_ti_tpc_template_sync":false,"_ti_tpc_template_id":"","footnotes":""},"class_list":["post-10","page","type-page","status-publish","hentry"],"_links":{"self":[{"href":"https:\/\/www.val74.fr\/index.php\/wp-json\/wp\/v2\/pages\/10","targetHints":{"allow":["GET"]}}],"collection":[{"href":"https:\/\/www.val74.fr\/index.php\/wp-json\/wp\/v2\/pages"}],"about":[{"href":"https:\/\/www.val74.fr\/index.php\/wp-json\/wp\/v2\/types\/page"}],"author":[{"embeddable":true,"href":"https:\/\/www.val74.fr\/index.php\/wp-json\/wp\/v2\/users\/1"}],"replies":[{"embeddable":true,"href":"https:\/\/www.val74.fr\/index.php\/wp-json\/wp\/v2\/comments?post=10"}],"version-history":[{"count":3,"href":"https:\/\/www.val74.fr\/index.php\/wp-json\/wp\/v2\/pages\/10\/revisions"}],"predecessor-version":[{"id":525,"href":"https:\/\/www.val74.fr\/index.php\/wp-json\/wp\/v2\/pages\/10\/revisions\/525"}],"wp:attachment":[{"href":"https:\/\/www.val74.fr\/index.php\/wp-json\/wp\/v2\/media?parent=10"}],"curies":[{"name":"wp","href":"https:\/\/api.w.org\/{rel}","templated":true}]}}